{"id":1875,"date":"2025-07-24T12:11:27","date_gmt":"2025-07-24T15:11:27","guid":{"rendered":"https:\/\/10k.digital\/en\/?page_id=1875"},"modified":"2025-07-24T12:11:28","modified_gmt":"2025-07-24T15:11:28","slug":"ai-welcomes-leaders","status":"publish","type":"page","link":"https:\/\/10k.digital\/pt\/ai-welcomes-leaders\/","title":{"rendered":"AI Welcomes\u00ae Leaders"},"content":{"rendered":"<div class=\"wp-block-group has-base-background-color has-background is-layout-constrained wp-container-core-group-is-layout-ad319cd6 wp-block-group-is-layout-constrained\" style=\"padding-top:var(--wp--preset--spacing--80);padding-bottom:var(--wp--preset--spacing--80)\">\n<h1 class=\"wp-block-heading has-text-align-center\" style=\"margin-bottom:var(--wp--preset--spacing--50);font-size:clamp(2.5rem, 5vw, 3.5rem);font-weight:700;line-height:1.2\">Apresentando os l\u00edderes do AI Welcomes\u00ae.<\/h1>\n\n\n\n<p class=\"has-text-align-center\" style=\"margin-bottom:var(--wp--preset--spacing--30);font-size:1.25rem;line-height:1.6\">\u2023 Um workshop abrangente de 4 horas, projetado especificamente para executivos C-suite e equipes de gerenciamento s\u00eanior.<\/p>\n\n\n\n<p class=\"has-text-align-center\" style=\"margin-bottom:var(--wp--preset--spacing--30);font-size:1.25rem;line-height:1.6\">\u2023 <strong>Abordagem com foco nos executivos<\/strong> - adaptados para a tomada de decis\u00f5es de lideran\u00e7a e o planejamento estrat\u00e9gico.<\/p>\n\n\n\n<p class=\"has-text-align-center\" style=\"margin-bottom:var(--wp--preset--spacing--60);font-size:1.25rem;line-height:1.6\">\u2023 Capacita os l\u00edderes com o conhecimento e a confian\u00e7a para guiar suas organiza\u00e7\u00f5es por meio da transforma\u00e7\u00e3o da IA com tomada de decis\u00f5es informadas e vis\u00e3o estrat\u00e9gica.<\/p>\n\n\n\n<div class=\"wp-block-buttons is-content-justification-center is-layout-flex wp-container-core-buttons-is-layout-a89b3969 wp-block-buttons-is-layout-flex\">\n<div class=\"wp-block-button\"><a class=\"wp-block-button__link has-custom-font-size wp-element-button\" href=\"#journey\" style=\"border-radius:8px;padding-top:var(--wp--preset--spacing--30);padding-right:var(--wp--preset--spacing--50);padding-bottom:var(--wp--preset--spacing--30);padding-left:var(--wp--preset--spacing--50);font-size:1.1rem;font-style:normal;font-weight:600\">SAIBA MAIS<\/a><\/div>\n<\/div>\n<\/div>\n\n\n\n<div class=\"wp-block-group has-accent-background-color has-background is-layout-constrained wp-container-core-group-is-layout-ad319cd6 wp-block-group-is-layout-constrained\" style=\"padding-top:var(--wp--preset--spacing--80);padding-bottom:var(--wp--preset--spacing--80)\">\n<h2 class=\"wp-block-heading has-text-align-center\" id=\"journey\" style=\"margin-bottom:var(--wp--preset--spacing--60);font-size:clamp(2rem, 4vw, 2.5rem);font-weight:700\">Conhe\u00e7a a jornada dos l\u00edderes do AI Welcomes\u00ae<\/h2>\n\n\n\n<div class=\"wp-block-columns is-layout-flex wp-container-core-columns-is-layout-08c01c1c wp-block-columns-is-layout-flex\">\n<div class=\"wp-block-column has-background is-layout-flow wp-block-column-is-layout-flow\" style=\"border-radius:12px;background-color:#ffffff;padding-top:var(--wp--preset--spacing--40);padding-right:var(--wp--preset--spacing--40);padding-bottom:var(--wp--preset--spacing--40);padding-left:var(--wp--preset--spacing--40)\">\n<h4 class=\"wp-block-heading has-text-color\" style=\"color:#667eea;margin-bottom:var(--wp--preset--spacing--20);font-size:1.3rem;font-weight:600\">Fase 1. Cen\u00e1rio de neg\u00f3cios de IA<\/h4>\n\n\n\n<p class=\"has-text-color\" style=\"color:#9ca3af;margin-bottom:var(--wp--preset--spacing--20);font-size:0.9rem;font-weight:500\">60 minutos<\/p>\n\n\n\n<p style=\"line-height:1.6\">Compreender o mercado atual de IA, as vantagens competitivas e as implica\u00e7\u00f5es estrat\u00e9gicas para seu setor.<\/p>\n<\/div>\n\n\n\n<div class=\"wp-block-column has-background is-layout-flow wp-block-column-is-layout-flow\" style=\"border-radius:12px;background-color:#ffffff;padding-top:var(--wp--preset--spacing--40);padding-right:var(--wp--preset--spacing--40);padding-bottom:var(--wp--preset--spacing--40);padding-left:var(--wp--preset--spacing--40)\">\n<h4 class=\"wp-block-heading has-text-color\" style=\"color:#667eea;margin-bottom:var(--wp--preset--spacing--20);font-size:1.3rem;font-weight:600\">Fase 2. Avalia\u00e7\u00e3o de oportunidades de IA<\/h4>\n\n\n\n<p class=\"has-text-color\" style=\"color:#9ca3af;margin-bottom:var(--wp--preset--spacing--20);font-size:0.9rem;font-weight:500\">60 minutos<\/p>\n\n\n\n<p style=\"line-height:1.6\">Identifica\u00e7\u00e3o de aplicativos de IA de alto impacto espec\u00edficos para seu modelo de neg\u00f3cios e desafios operacionais.<\/p>\n<\/div>\n<\/div>\n\n\n\n<div class=\"wp-block-columns is-layout-flex wp-container-core-columns-is-layout-08c01c1c wp-block-columns-is-layout-flex\">\n<div class=\"wp-block-column has-background is-layout-flow wp-block-column-is-layout-flow\" style=\"border-radius:12px;background-color:#ffffff;padding-top:var(--wp--preset--spacing--40);padding-right:var(--wp--preset--spacing--40);padding-bottom:var(--wp--preset--spacing--40);padding-left:var(--wp--preset--spacing--40)\">\n<h4 class=\"wp-block-heading has-text-color\" style=\"color:#667eea;margin-bottom:var(--wp--preset--spacing--20);font-size:1.3rem;font-weight:600\">Fase 3. Gerenciamento de riscos e governan\u00e7a<\/h4>\n\n\n\n<p class=\"has-text-color\" style=\"color:#9ca3af;margin-bottom:var(--wp--preset--spacing--20);font-size:0.9rem;font-weight:500\">60 minutos<\/p>\n\n\n\n<p style=\"line-height:1.6\">Explorar a \u00e9tica da IA, os requisitos de conformidade, as estrat\u00e9gias de mitiga\u00e7\u00e3o de riscos e as estruturas de governan\u00e7a.<\/p>\n<\/div>\n\n\n\n<div class=\"wp-block-column has-background is-layout-flow wp-block-column-is-layout-flow\" style=\"border-radius:12px;background-color:#ffffff;padding-top:var(--wp--preset--spacing--40);padding-right:var(--wp--preset--spacing--40);padding-bottom:var(--wp--preset--spacing--40);padding-left:var(--wp--preset--spacing--40)\">\n<h4 class=\"wp-block-heading has-text-color\" style=\"color:#667eea;margin-bottom:var(--wp--preset--spacing--20);font-size:1.3rem;font-weight:600\">Fase 4. Roteiro de implementa\u00e7\u00e3o<\/h4>\n\n\n\n<p class=\"has-text-color\" style=\"color:#9ca3af;margin-bottom:var(--wp--preset--spacing--20);font-size:0.9rem;font-weight:500\">60 minutos<\/p>\n\n\n\n<p style=\"line-height:1.6\">Desenvolver um plano de a\u00e7\u00e3o estrat\u00e9gico para a ado\u00e7\u00e3o de IA, incluindo considera\u00e7\u00f5es or\u00e7ament\u00e1rias e planejamento de cronograma.<\/p>\n<\/div>\n<\/div>\n<\/div>\n\n\n\n<div class=\"wp-block-group has-base-background-color has-background is-layout-constrained wp-container-core-group-is-layout-ad319cd6 wp-block-group-is-layout-constrained\" style=\"padding-top:var(--wp--preset--spacing--80);padding-bottom:var(--wp--preset--spacing--80)\">\n<h2 class=\"wp-block-heading has-text-align-center\" style=\"margin-bottom:var(--wp--preset--spacing--30);font-size:clamp(2rem, 4vw, 2.5rem);font-weight:700\">O que sua equipe de lideran\u00e7a aprender\u00e1<\/h2>\n\n\n\n<p class=\"has-text-align-center\" style=\"margin-bottom:var(--wp--preset--spacing--60);font-size:1.1rem;line-height:1.6\">Conhecimento essencial para tomar decis\u00f5es estrat\u00e9gicas informadas sobre a implementa\u00e7\u00e3o de IA em sua organiza\u00e7\u00e3o.<\/p>\n\n\n\n<div class=\"wp-block-columns is-layout-flex wp-container-core-columns-is-layout-643ced6b wp-block-columns-is-layout-flex\">\n<div class=\"wp-block-column is-layout-flow wp-block-column-is-layout-flow\">\n<div class=\"wp-block-group is-layout-flow wp-block-group-is-layout-flow\" style=\"padding-bottom:var(--wp--preset--spacing--40)\">\n<p class=\"has-text-color\" style=\"color:#667eea;margin-bottom:var(--wp--preset--spacing--20);font-size:3rem;font-weight:700;line-height:1\">01<\/p>\n\n\n\n<h3 class=\"wp-block-heading\" style=\"margin-bottom:var(--wp--preset--spacing--20);font-size:1.4rem;font-weight:600\">Fundamentos estrat\u00e9gicos de IA<\/h3>\n\n\n\n<p style=\"line-height:1.6\">Entenda como a IA pode transformar modelos de neg\u00f3cios, criar vantagens competitivas e impulsionar a inova\u00e7\u00e3o em todos os setores.<\/p>\n<\/div>\n\n\n\n<div class=\"wp-block-group is-layout-flow wp-block-group-is-layout-flow\" style=\"padding-bottom:var(--wp--preset--spacing--40)\">\n<p class=\"has-text-color\" style=\"color:#667eea;margin-bottom:var(--wp--preset--spacing--20);font-size:3rem;font-weight:700;line-height:1\">02<\/p>\n\n\n\n<h3 class=\"wp-block-heading\" style=\"margin-bottom:var(--wp--preset--spacing--20);font-size:1.4rem;font-weight:600\">Tomada de decis\u00f5es executivas<\/h3>\n\n\n\n<p style=\"line-height:1.6\">Domine as principais considera\u00e7\u00f5es para decis\u00f5es de investimento em IA, avalia\u00e7\u00e3o de ROI e prioriza\u00e7\u00e3o estrat\u00e9gica.<\/p>\n<\/div>\n\n\n\n<div class=\"wp-block-group is-layout-flow wp-block-group-is-layout-flow\" style=\"padding-bottom:var(--wp--preset--spacing--40)\">\n<p class=\"has-text-color\" style=\"color:#667eea;margin-bottom:var(--wp--preset--spacing--20);font-size:3rem;font-weight:700;line-height:1\">03<\/p>\n\n\n\n<h3 class=\"wp-block-heading\" style=\"margin-bottom:var(--wp--preset--spacing--20);font-size:1.4rem;font-weight:600\">Risco e governan\u00e7a<\/h3>\n\n\n\n<p style=\"line-height:1.6\">Aprenda a identificar e atenuar os riscos relacionados \u00e0 IA e, ao mesmo tempo, estabele\u00e7a estruturas de governan\u00e7a e diretrizes \u00e9ticas adequadas.<\/p>\n<\/div>\n<\/div>\n\n\n\n<div class=\"wp-block-column is-layout-flow wp-block-column-is-layout-flow\">\n<div class=\"wp-block-group is-layout-flow wp-block-group-is-layout-flow\" style=\"padding-bottom:var(--wp--preset--spacing--40)\">\n<p class=\"has-text-color\" style=\"color:#667eea;margin-bottom:var(--wp--preset--spacing--20);font-size:3rem;font-weight:700;line-height:1\">04<\/p>\n\n\n\n<h3 class=\"wp-block-heading\" style=\"margin-bottom:var(--wp--preset--spacing--20);font-size:1.4rem;font-weight:600\">Estrat\u00e9gia de implementa\u00e7\u00e3o<\/h3>\n\n\n\n<p style=\"line-height:1.6\">Desenvolver roteiros pr\u00e1ticos para a ado\u00e7\u00e3o de IA, incluindo aloca\u00e7\u00e3o de recursos, forma\u00e7\u00e3o de equipes e gerenciamento de mudan\u00e7as.<\/p>\n<\/div>\n\n\n\n<div class=\"wp-block-group is-layout-flow wp-block-group-is-layout-flow\" style=\"padding-bottom:var(--wp--preset--spacing--40)\">\n<p class=\"has-text-color\" style=\"color:#667eea;margin-bottom:var(--wp--preset--spacing--20);font-size:3rem;font-weight:700;line-height:1\">05<\/p>\n\n\n\n<h3 class=\"wp-block-heading\" style=\"margin-bottom:var(--wp--preset--spacing--20);font-size:1.4rem;font-weight:600\">Benchmarking do setor<\/h3>\n\n\n\n<p style=\"line-height:1.6\">Explore estudos de caso do mundo real e pr\u00e1ticas recomendadas de organiza\u00e7\u00f5es l\u00edderes em transforma\u00e7\u00e3o de IA.<\/p>\n<\/div>\n\n\n\n<div class=\"wp-block-group is-layout-flow wp-block-group-is-layout-flow\">\n<p class=\"has-text-color\" style=\"color:#667eea;margin-bottom:var(--wp--preset--spacing--20);font-size:3rem;font-weight:700;line-height:1\">06<\/p>\n\n\n\n<h3 class=\"wp-block-heading\" style=\"margin-bottom:var(--wp--preset--spacing--20);font-size:1.4rem;font-weight:600\">Lideran\u00e7a \u00e0 prova de futuro<\/h3>\n\n\n\n<p style=\"line-height:1.6\">Prepare sua equipe de lideran\u00e7a para o cen\u00e1rio de IA em evolu\u00e7\u00e3o e para as tecnologias emergentes.<\/p>\n<\/div>\n<\/div>\n<\/div>\n<\/div>\n\n\n\n<div class=\"wp-block-group has-base-background-color has-background is-layout-constrained wp-container-core-group-is-layout-ae50a16b wp-block-group-is-layout-constrained\" style=\"padding-top:var(--wp--preset--spacing--80);padding-bottom:var(--wp--preset--spacing--80)\">\n<h2 class=\"wp-block-heading has-text-align-center\" style=\"margin-bottom:var(--wp--preset--spacing--60);font-size:clamp(2rem, 4vw, 2.5rem);font-weight:700\">Pr\u00e9-requisitos<\/h2>\n\n\n\n<ul style=\"padding-left:0;font-size:1.1rem;line-height:1.8\" class=\"wp-block-list styled-list has-text-color\">\n<li>- Equipes de lideran\u00e7a de at\u00e9 <strong>8 participantes<\/strong><\/li>\n\n\n\n<li>- N\u00edvel de ger\u00eancia s\u00eanior, VP ou C-suite<\/li>\n\n\n\n<li>- Conhecimento b\u00e1sico de estrat\u00e9gia de neg\u00f3cios e transforma\u00e7\u00e3o digital<\/li>\n\n\n\n<li>- N\u00e3o \u00e9 necess\u00e1rio ter experi\u00eancia t\u00e9cnica<\/li>\n\n\n\n<li>- Flu\u00eancia em ingl\u00eas ou portugu\u00eas para sess\u00f5es ao vivo<\/li>\n\n\n\n<li>- Espa\u00e7o para reuni\u00f5es em n\u00edvel executivo para sess\u00f5es presenciais<\/li>\n\n\n\n<li>- Compromisso com a\u00e7\u00f5es estrat\u00e9gicas de acompanhamento<\/li>\n<\/ul>\n<\/div>\n\n\n\n<div class=\"wp-block-group has-accent-background-color has-background is-layout-constrained wp-container-core-group-is-layout-ae50a16b wp-block-group-is-layout-constrained\" style=\"padding-top:var(--wp--preset--spacing--80);padding-bottom:var(--wp--preset--spacing--80)\">\n<h2 class=\"wp-block-heading has-text-align-center\" style=\"margin-bottom:var(--wp--preset--spacing--30);font-size:clamp(2rem, 4vw, 2.5rem);font-weight:700\">Fale com um especialista<\/h2>\n\n\n\n<p class=\"has-text-align-center\" style=\"margin-bottom:var(--wp--preset--spacing--60);font-size:1.1rem;line-height:1.6\">Insira suas informa\u00e7\u00f5es para agendar uma consulta com nossa equipe executiva.<\/p>\n\n\n\n<p class=\"has-text-align-center\" style=\"font-size:1rem\">[A integra\u00e7\u00e3o do formul\u00e1rio de contato ser\u00e1 adicionada aqui].<\/p>\n<\/div>\n\n\n\n<div class=\"wp-block-group has-base-background-color has-background is-layout-constrained wp-container-core-group-is-layout-19f06807 wp-block-group-is-layout-constrained\" style=\"padding-top:var(--wp--preset--spacing--80);padding-bottom:var(--wp--preset--spacing--80)\">\n<h2 class=\"wp-block-heading has-text-align-center\" style=\"margin-bottom:var(--wp--preset--spacing--60);font-size:clamp(2rem, 4vw, 2.5rem);font-weight:700\">Perguntas frequentes<\/h2>\n\n\n\n<p class=\"has-text-align-center\" style=\"margin-bottom:var(--wp--preset--spacing--60);font-size:1.1rem;line-height:1.6\">Encontre respostas para as perguntas mais frequentes sobre o AI Welcomes\u00ae Leaders.<\/p>\n\n\n\n<details class=\"wp-block-details is-layout-flow wp-block-details-is-layout-flow\" style=\"border-bottom-color:#e5e7eb;border-bottom-width:1px;margin-bottom:var(--wp--preset--spacing--30);padding-top:var(--wp--preset--spacing--30);padding-bottom:var(--wp--preset--spacing--30)\"><summary style=\"font-size:1.3rem;font-weight:600\">O que \u00e9 o AI Welcomes\u00ae Leaders?<\/summary>\n\n<p style=\"margin-top:var(--wp--preset--spacing--20);line-height:1.6\">O AI Welcomes\u00ae Leaders \u00e9 um workshop executivo de 4 horas projetado especificamente para que as equipes de diretoria e ger\u00eancia s\u00eanior compreendam as implica\u00e7\u00f5es estrat\u00e9gicas da IA e desenvolvam roteiros de implementa\u00e7\u00e3o.<\/p>\n\n<\/details>\n\n\n\n<details class=\"wp-block-details is-layout-flow wp-block-details-is-layout-flow\" style=\"border-bottom-color:#e5e7eb;border-bottom-width:1px;margin-bottom:var(--wp--preset--spacing--30);padding-top:var(--wp--preset--spacing--30);padding-bottom:var(--wp--preset--spacing--30)\"><summary style=\"font-size:1.3rem;font-weight:600\">Quem deve participar do AI Welcomes\u00ae Leaders?<\/summary>\n\n<p style=\"margin-top:var(--wp--preset--spacing--20);line-height:1.6\">Este workshop foi criado para executivos C-suite, VPs, diretores seniores e outros membros da equipe de gerenciamento s\u00eanior respons\u00e1veis pela tomada de decis\u00f5es estrat\u00e9gicas.<\/p>\n\n<\/details>\n\n\n\n<details class=\"wp-block-details is-layout-flow wp-block-details-is-layout-flow\" style=\"border-bottom-color:#e5e7eb;border-bottom-width:1px;margin-bottom:var(--wp--preset--spacing--30);padding-top:var(--wp--preset--spacing--30);padding-bottom:var(--wp--preset--spacing--30)\"><summary style=\"font-size:1.3rem;font-weight:600\">O que torna isso diferente do treinamento t\u00e9cnico em IA?<\/summary>\n\n<p style=\"margin-top:var(--wp--preset--spacing--20);line-height:1.6\">O AI Welcomes\u00ae Leaders concentra-se nos aspectos estrat\u00e9gicos, comerciais e de lideran\u00e7a da IA, e n\u00e3o na implementa\u00e7\u00e3o t\u00e9cnica, o que o torna ideal para tomadores de decis\u00e3o em n\u00edvel executivo.<\/p>\n\n<\/details>\n\n\n\n<details class=\"wp-block-details is-layout-flow wp-block-details-is-layout-flow\" style=\"border-bottom-color:#e5e7eb;border-bottom-width:1px;margin-bottom:var(--wp--preset--spacing--30);padding-top:var(--wp--preset--spacing--30);padding-bottom:var(--wp--preset--spacing--30)\"><summary style=\"font-size:1.3rem;font-weight:600\">Quais resultados os participantes receber\u00e3o?<\/summary>\n\n<p style=\"margin-top:var(--wp--preset--spacing--20);line-height:1.6\">Os participantes recebem o 10K AI Canvas\u00ae, modelos de avalia\u00e7\u00e3o estrat\u00e9gica, estruturas de roteiro de implementa\u00e7\u00e3o e planos de a\u00e7\u00e3o personalizados.<\/p>\n\n<\/details>\n\n\n\n<details class=\"wp-block-details is-layout-flow wp-block-details-is-layout-flow\" style=\"border-bottom-color:#e5e7eb;border-bottom-width:1px;margin-bottom:var(--wp--preset--spacing--30);padding-top:var(--wp--preset--spacing--30);padding-bottom:var(--wp--preset--spacing--30)\"><summary style=\"font-size:1.3rem;font-weight:600\">Como isso se integra a outras solu\u00e7\u00f5es do 10K Framework?<\/summary>\n\n<p style=\"margin-top:var(--wp--preset--spacing--20);line-height:1.6\">O AI Welcomes\u00ae Leaders serve como base estrat\u00e9gica, normalmente seguido pelo AI Discover\u00ae para avalia\u00e7\u00e3o de oportunidades e outros componentes da estrutura para implementa\u00e7\u00e3o.<\/p>\n\n<\/details>\n\n\n\n<details class=\"wp-block-details is-layout-flow wp-block-details-is-layout-flow\" style=\"border-bottom-color:#e5e7eb;border-bottom-width:1px;margin-bottom:var(--wp--preset--spacing--30);padding-top:var(--wp--preset--spacing--30);padding-bottom:var(--wp--preset--spacing--30)\"><summary style=\"font-size:1.3rem;font-weight:600\">Isso pode ser personalizado para setores espec\u00edficos?<\/summary>\n\n<p style=\"margin-top:var(--wp--preset--spacing--20);line-height:1.6\">Sim, podemos personalizar o conte\u00fado, os estudos de caso e as estruturas estrat\u00e9gicas para setores e modelos de neg\u00f3cios espec\u00edficos.<\/p>\n\n<\/details>\n\n\n\n<details class=\"wp-block-details is-layout-flow wp-block-details-is-layout-flow\" style=\"padding-top:var(--wp--preset--spacing--30);padding-bottom:var(--wp--preset--spacing--30)\"><summary style=\"font-size:1.3rem;font-weight:600\">Como posso agendar o AI Welcomes\u00ae Leaders para minha organiza\u00e7\u00e3o?<\/summary>\n\n<p style=\"margin-top:var(--wp--preset--spacing--20);line-height:1.6\">Entre em contato com nossa equipe por meio do formul\u00e1rio acima para discutir suas necessidades e receber uma proposta personalizada.<\/p>\n\n<\/details>\n<\/div>","protected":false},"excerpt":{"rendered":"<p>Introducing AI Welcomes\u00ae Leaders \u2023 A comprehensive 4-hour workshop designed specifically for C-suite executives and senior management teams. \u2023 Executive-focused [&hellip;]<\/p>","protected":false},"author":1,"featured_media":0,"parent":0,"menu_order":0,"comment_status":"closed","ping_status":"closed","template":"","meta":{"_uag_custom_page_level_css":"","site-sidebar-layout":"default","site-content-layout":"","ast-site-content-layout":"default","site-content-style":"default","site-sidebar-style":"default","ast-global-header-display":"","ast-banner-title-visibility":"","ast-main-header-display":"","ast-hfb-above-header-display":"","ast-hfb-below-header-display":"","ast-hfb-mobile-header-display":"","site-post-title":"","ast-breadcrumbs-content":"","ast-featured-img":"","footer-sml-layout":"","ast-disable-related-posts":"","theme-transparent-header-meta":"","adv-header-id-meta":"","stick-header-meta":"","header-above-stick-meta":"","header-main-stick-meta":"","header-below-stick-meta":"","astra-migrate-meta-layouts":"set","ast-page-background-enabled":"default","ast-page-background-meta":{"desktop":{"background-color":"var(--ast-global-color-4)","background-image":"","background-repeat":"repeat","background-position":"center center","background-size":"auto","background-attachment":"scroll","background-type":"","background-media":"","overlay-type":"","overlay-color":"","overlay-opacity":"","overlay-gradient":""},"tablet":{"background-color":"","background-image":"","background-repeat":"repeat","background-position":"center center","background-size":"auto","background-attachment":"scroll","background-type":"","background-media":"","overlay-type":"","overlay-color":"","overlay-opacity":"","overlay-gradient":""},"mobile":{"background-color":"","background-image":"","background-repeat":"repeat","background-position":"center center","background-size":"auto","background-attachment":"scroll","background-type":"","background-media":"","overlay-type":"","overlay-color":"","overlay-opacity":"","overlay-gradient":""}},"ast-content-background-meta":{"desktop":{"background-color":"var(--ast-global-color-5)","background-image":"","background-repeat":"repeat","background-position":"center center","background-size":"auto","background-attachment":"scroll","background-type":"","background-media":"","overlay-type":"","overlay-color":"","overlay-opacity":"","overlay-gradient":""},"tablet":{"background-color":"var(--ast-global-color-5)","background-image":"","background-repeat":"repeat","background-position":"center center","background-size":"auto","background-attachment":"scroll","background-type":"","background-media":"","overlay-type":"","overlay-color":"","overlay-opacity":"","overlay-gradient":""},"mobile":{"background-color":"var(--ast-global-color-5)","background-image":"","background-repeat":"repeat","background-position":"center center","background-size":"auto","background-attachment":"scroll","background-type":"","background-media":"","overlay-type":"","overlay-color":"","overlay-opacity":"","overlay-gradient":""}},"footnotes":""},"class_list":["post-1875","page","type-page","status-publish","hentry"],"aioseo_notices":[],"_hostinger_reach_plugin_has_subscription_block":false,"_hostinger_reach_plugin_is_elementor":false,"uagb_featured_image_src":{"full":false,"thumbnail":false,"medium":false,"medium_large":false,"large":false,"1536x1536":false,"2048x2048":false,"trp-custom-language-flag":false},"uagb_author_info":{"display_name":"felipematos@gmail.com","author_link":"https:\/\/10k.digital\/pt\/author\/felipematosgmail-com\/"},"uagb_comment_info":0,"uagb_excerpt":"Introducing AI Welcomes\u00ae Leaders \u2023 A comprehensive 4-hour workshop designed specifically for C-suite executives and senior management teams. \u2023 Executive-focused [&hellip;]","_links":{"self":[{"href":"https:\/\/10k.digital\/pt\/wp-json\/wp\/v2\/pages\/1875","targetHints":{"allow":["GET"]}}],"collection":[{"href":"https:\/\/10k.digital\/pt\/wp-json\/wp\/v2\/pages"}],"about":[{"href":"https:\/\/10k.digital\/pt\/wp-json\/wp\/v2\/types\/page"}],"author":[{"embeddable":true,"href":"https:\/\/10k.digital\/pt\/wp-json\/wp\/v2\/users\/1"}],"replies":[{"embeddable":true,"href":"https:\/\/10k.digital\/pt\/wp-json\/wp\/v2\/comments?post=1875"}],"version-history":[{"count":2,"href":"https:\/\/10k.digital\/pt\/wp-json\/wp\/v2\/pages\/1875\/revisions"}],"predecessor-version":[{"id":1881,"href":"https:\/\/10k.digital\/pt\/wp-json\/wp\/v2\/pages\/1875\/revisions\/1881"}],"wp:attachment":[{"href":"https:\/\/10k.digital\/pt\/wp-json\/wp\/v2\/media?parent=1875"}],"curies":[{"name":"wp","href":"https:\/\/api.w.org\/{rel}","templated":true}]}}