{"id":18,"date":"2025-03-10T12:27:53","date_gmt":"2025-03-10T12:27:53","guid":{"rendered":"https:\/\/10k.digital\/services-2\/"},"modified":"2026-02-13T00:54:00","modified_gmt":"2026-02-13T03:54:00","slug":"community","status":"publish","type":"page","link":"https:\/\/10k.digital\/pt\/community\/","title":{"rendered":"Comunidade"},"content":{"rendered":"<div class=\"wp-block-uagb-container uagb-block-4c3875af alignfull uagb-is-root-container\"><div class=\"uagb-container-inner-blocks-wrap\">\n<div class=\"wp-block-uagb-advanced-heading uagb-block-36237826\"><h1 class=\"uagb-heading-text\">Fa\u00e7a parte da revolu\u00e7\u00e3o<\/h1><\/div>\n<\/div><\/div>\n\n\n\n<div class=\"wp-block-columns is-layout-flex wp-container-core-columns-is-layout-28f84493 wp-block-columns-is-layout-flex\">\n<div class=\"wp-block-column is-layout-flow wp-block-column-is-layout-flow\">\n<h2 class=\"wp-block-heading\">Grupos do WhatsApp<\/h2>\n\n\n\n\n\n\n\n<div class=\"wp-block-uagb-icon-list uagb-block-db45780c\"><div class=\"uagb-icon-list__wrap\">\n<div class=\"wp-block-uagb-icon-list-child uagb-block-acf3ac04\"><a target=\"_blank\" aria-label=\" IA para Neg\u00f3cios: \" rel=\"noopener noreferrer\" href=\"https:\/\/chat.whatsapp.com\/K6oCrmf5i9X7Q5OOROypPJ\"> <\/a><span class=\"uagb-icon-list__source-wrap\"><svg xmlns=\"https:\/\/www.w3.org\/2000\/svg\" viewbox=\"0 0 448 512\"><path d=\"M380.9 97.1C339 55.1 283.2 32 223.9 32c-122.4 0-222 99.6-222 222 0 39.1 10.2 77.3 29.6 111L0 480l117.7-30.9c32.4 17.7 68.9 27 106.1 27h.1c122.3 0 224.1-99.6 224.1-222 0-59.3-25.2-115-67.1-157zm-157 341.6c-33.2 0-65.7-8.9-94-25.7l-6.7-4-69.8 18.3L72 359.2l-4.4-7c-18.5-29.4-28.2-63.3-28.2-98.2 0-101.7 82.8-184.5 184.6-184.5 49.3 0 95.6 19.2 130.4 54.1 34.8 34.9 56.2 81.2 56.1 130.5 0 101.8-84.9 184.6-186.6 184.6zm101.2-138.2c-5.5-2.8-32.8-16.2-37.9-18-5.1-1.9-8.8-2.8-12.5 2.8-3.7 5.6-14.3 18-17.6 21.8-3.2 3.7-6.5 4.2-12 1.4-32.6-16.3-54-29.1-75.5-66-5.7-9.8 5.7-9.1 16.3-30.3 1.8-3.7 .9-6.9-.5-9.7-1.4-2.8-12.5-30.1-17.1-41.2-4.5-10.8-9.1-9.3-12.5-9.5-3.2-.2-6.9-.2-10.6-.2-3.7 0-9.7 1.4-14.8 6.9-5.1 5.6-19.4 19-19.4 46.3 0 27.3 19.9 53.7 22.6 57.4 2.8 3.7 39.1 59.7 94.8 83.8 35.2 15.2 49 16.5 66.6 13.9 10.7-1.6 32.8-13.4 37.4-26.4 4.6-13 4.6-24.1 3.2-26.4-1.3-2.5-5-3.9-10.5-6.6z\"><\/path><\/svg><\/span><span class=\"uagb-icon-list__label\"><strong> IA para Neg\u00f3cios<\/strong>: <\/span><\/div>\n\n\n\n<div class=\"wp-block-uagb-icon-list-child uagb-block-dd468ce2\"><span class=\"uagb-icon-list__label\">Um espa\u00e7o para l\u00edderes, empreendedores e profissionais discutirem como a intelig\u00eancia artificial pode gerar valor real para os neg\u00f3cios. Compartilhamos casos de uso, aplica\u00e7\u00f5es estrat\u00e9gicas e tend\u00eancias da ado\u00e7\u00e3o de IA em diversos setores. Se voc\u00ea busca efici\u00eancia, novas fontes de receita ou preparar sua empresa para o futuro, este grupo \u00e9 para voc\u00ea.<\/span><\/div>\n<\/div><\/div>\n\n\n\n<div class=\"wp-block-uagb-icon-list uagb-block-06d755a9\"><div class=\"uagb-icon-list__wrap\">\n<div class=\"wp-block-uagb-icon-list-child uagb-block-71bdd9e1\"><a target=\"_blank\" aria-label=\" AI Criadores de IA: \" rel=\"noopener noreferrer\" href=\"https:\/\/chat.whatsapp.com\/GwXnZeVaopW5rWydjBWfnK\"> <\/a><span class=\"uagb-icon-list__source-wrap\"><svg xmlns=\"https:\/\/www.w3.org\/2000\/svg\" viewbox=\"0 0 448 512\"><path d=\"M380.9 97.1C339 55.1 283.2 32 223.9 32c-122.4 0-222 99.6-222 222 0 39.1 10.2 77.3 29.6 111L0 480l117.7-30.9c32.4 17.7 68.9 27 106.1 27h.1c122.3 0 224.1-99.6 224.1-222 0-59.3-25.2-115-67.1-157zm-157 341.6c-33.2 0-65.7-8.9-94-25.7l-6.7-4-69.8 18.3L72 359.2l-4.4-7c-18.5-29.4-28.2-63.3-28.2-98.2 0-101.7 82.8-184.5 184.6-184.5 49.3 0 95.6 19.2 130.4 54.1 34.8 34.9 56.2 81.2 56.1 130.5 0 101.8-84.9 184.6-186.6 184.6zm101.2-138.2c-5.5-2.8-32.8-16.2-37.9-18-5.1-1.9-8.8-2.8-12.5 2.8-3.7 5.6-14.3 18-17.6 21.8-3.2 3.7-6.5 4.2-12 1.4-32.6-16.3-54-29.1-75.5-66-5.7-9.8 5.7-9.1 16.3-30.3 1.8-3.7 .9-6.9-.5-9.7-1.4-2.8-12.5-30.1-17.1-41.2-4.5-10.8-9.1-9.3-12.5-9.5-3.2-.2-6.9-.2-10.6-.2-3.7 0-9.7 1.4-14.8 6.9-5.1 5.6-19.4 19-19.4 46.3 0 27.3 19.9 53.7 22.6 57.4 2.8 3.7 39.1 59.7 94.8 83.8 35.2 15.2 49 16.5 66.6 13.9 10.7-1.6 32.8-13.4 37.4-26.4 4.6-13 4.6-24.1 3.2-26.4-1.3-2.5-5-3.9-10.5-6.6z\"><\/path><\/svg><\/span><span class=\"uagb-icon-list__label\"><strong> AI Criadores de IA<\/strong>: <\/span><\/div>\n\n\n\n<div class=\"wp-block-uagb-icon-list-child uagb-block-e5c9e041\"><span class=\"uagb-icon-list__label\">Junte-se aos criadores, desenvolvedores e inovadores que est\u00e3o construindo com AI. Este grupo \u00e9 para compartilhar ferramentas, fluxos, prot\u00f3tipos e experimentos com IA de forma pr\u00e1tica. De automa\u00e7\u00f5es a agentes inteligentes, trocamos ideias e ajudamos uns aos outros a tirar projetos do papel.<\/span><\/div>\n<\/div><\/div>\n\n\n\n\n\n\n\n<h2 class=\"wp-block-heading\" id=\"newsletter\">Boletins informativos<\/h2>\n\n\n\n<p>Digite seu e-mail para assinar nosso boletim informativo semanal, com as melhores not\u00edcias e an\u00e1lises do cen\u00e1rio de IA. (Sim, n\u00f3s tamb\u00e9m odiamos SPAM!)<\/p>\n\n\n\n\n\n<!-- Portuguese Newsletter -->\n<link href=\"https:\/\/app.therux.com.br\/core\/css\/embedded.css\" rel=\"stylesheet\" type=\"text\/css\">\n<link href=\"https:\/\/app.therux.com.br\/core\/css\/google-font-icon.min.css?v=2\" rel=\"stylesheet\">\n<link href=\"https:\/\/fonts.googleapis.com\/icon?family=Material+Icons+Outlined\" rel=\"stylesheet\">\n<link rel=\"stylesheet\" type=\"text\/css\" href=\"https:\/\/app.therux.com.br\/core\/flatpickr\/flatpickr.min.css\">\n<link rel=\"stylesheet\" type=\"text\/css\" href=\"https:\/\/app.therux.com.br\/core\/select2\/css\/select2.min.css\">\n<link rel=\"stylesheet\" href=\"https:\/\/cdn.jsdelivr.net\/npm\/intl-tel-input@25.3.0\/build\/css\/intlTelInput.css\">\n<link rel=\"stylesheet\" type=\"text\/css\" href=\"https:\/\/app.therux.com.br\/core\/telinput\/telinput.css\">\n\n<style>\n.subscribe-embedded-form {\n                    color: #333\n                }\n                .subscribe-embedded-form label {\n                    color: #555\n            }\n<\/style>\n\n<div><div class=\"subscribe-embedded-form\"> <h2>Inscreva-se em nossa base de contatos<\/h2> <p class=\"text-sm text-end\"><span class=\"text-danger\">*<\/span> indica campo obrigat\u00f3rio<\/p> <form action=\"https:\/\/app.therux.com.br\/lists\/68829fdcb7799\/embedded-form-subscribe\" method=\"POST\" class=\"form-validate-jqueryz\"> <div class=\"form-group control-text\" data-testid=\"EMAIL\"> <div class=\"flex align-items-center justify-content-start gap-1 mb-1\"> <div class=\"mb-0\" data-testid=\"EMAIL-label\"> E-mail <span class=\"text-danger\">*<\/span> <\/div> <\/div> <input id=\"EMAIL\" placeholder=\"\" value=\"\" type=\"text\" name=\"EMAIL\" class=\"form-control required email:rfc,filter\" data-testid=\"input-EMAIL\"> <\/div> <div class=\"form-button\"> <button class=\"btn btn-primary\">Inscrever-se<\/button> <\/div> <\/form><\/div><\/div>\n\n<link href=\"https:\/\/app.therux.com.br\/core\/css\/app.css?v=4.0.25-p516\" rel=\"stylesheet\" type=\"text\/css\">\n\n<script type=\"text\/javascript\" src=\"https:\/\/app.therux.com.br\/core\/js\/jquery-3.6.4.min.js\"><\/script>\n<script type=\"text\/javascript\" src=\"https:\/\/app.therux.com.br\/core\/validate\/jquery.validate.min.js\"><\/script>\n<script type=\"text\/javascript\" src=\"https:\/\/app.therux.com.br\/core\/datetime\/anytime.min.js\"><\/script>\n<script type=\"text\/javascript\" src=\"https:\/\/app.therux.com.br\/core\/datetime\/moment.min.js\"><\/script>\n<script type=\"text\/javascript\" src=\"https:\/\/app.therux.com.br\/core\/datetime\/pickadate\/picker.js\"><\/script>\n<script type=\"text\/javascript\" src=\"https:\/\/app.therux.com.br\/core\/datetime\/pickadate\/picker.date.js\"><\/script>\n<script type=\"text\/javascript\" src=\"https:\/\/app.therux.com.br\/core\/select2\/js\/select2.min.js\"><\/script>\n<script type=\"text\/javascript\" src=\"https:\/\/app.therux.com.br\/core\/flatpickr\/flatpickr.min.js\"><\/script>\n<script src=\"https:\/\/cdn.jsdelivr.net\/npm\/intl-tel-input@25.3.0\/build\/js\/intlTelInput.min.js\"><\/script>\n\n\n<script type=\"text\/javascript\" src=\"https:\/\/app.therux.com.br\/core\/js\/functions.js\"><\/script>\n<script type=\"text\/javascript\" src=\"https:\/\/app.therux.com.br\/core\/flatpickr\/flatpickr.min.js\"><\/script>\n\n<script>\n\tvar APP_URL = 'https:\/\/app.therux.com.br';\n\tvar LANG_OK = 'OK';\n\tvar LANG_CONFIRM = 'Confirmar';\n\tvar LANG_YES = 'Sim';\n\tvar LANG_NO = 'N\u00e3o';\n\tvar LANG_ARE_YOU_SURE = 'Voc\u00ea tem certeza?';\n\tvar LANG_CANCEL = 'Cancelar';\n\tvar LANG_DELETE_VALIDATE = 'Por favor, digite o texto exatamente como est\u00e1 exibido para confirmar a exclus\u00e3o.';\n\tvar LANG_DATE_FORMAT = 'dd\/mm\/yyyy';\n\tvar LANG_ANY_DATETIME_FORMAT = '%Z-%m-%d, %H:%i';\n\tvar CSRF_TOKEN = \"Hxvy2fmC79OLHo9g3bVEImwIoxuEeULS2oW28DJ0\";\n\tvar LANG_SUCCESS = 'Sucesso';\n\tvar LANG_ALERT = 'Alerta';\n\tvar LANG_ERROR = 'Erro';\n\tvar LANG_NEW = 'Novo';\n\tvar LANG_CONFIRMATION = 'Confirma\u00e7\u00e3o';\n\tvar LANG_NOTIFY = {\n\t\t'success': 'Sucesso',\n\t\t'error': 'Erro',\n\t\t'notice': 'Aviso'\n\t};\n\tvar LOADING_WAIT = 'Carregando, aguarde...';\n\n\tvar JANUARY = 'Janeiro';\n\tvar FEBRUARY = 'Fevereiro';\n\tvar MARCH = 'Mar\u00e7o';\n\tvar APRIL = 'Abril';\n\tvar MAY = 'Maio';\n\tvar JUNE = 'Junho';\n\tvar JULY = 'Julho';\n\tvar AUGUST = 'Agosto';\n\tvar SEPTEMBER = 'Setembro';\n\tvar OCTOBER = 'Outubro';\n\tvar NOVEMBER = 'Novembro';\n\tvar DECEMBER = 'Dezembro';\n\n\tvar MONTHS_FULL = [\n\t\tJANUARY,\n\t\tFEBRUARY,\n\t\tMARCH,\n\t\tAPRIL,\n\t\tMAY,\n\t\tJUNE,\n\t\tJULY,\n\t\tAUGUST,\n\t\tSEPTEMBER,\n\t\tOCTOBER,\n\t\tNOVEMBER,\n\t\tDECEMBER,\n\t];\n\n\tvar MONTHS_SHORT = [];\n\n\tMONTHS_FULL.forEach((month) => {\n\t\tMONTHS_SHORT.push(month.substring(0,3));\n\t});\n\n\tvar SUNDAY = 'Domingo';\n\tvar MONDAY = 'Segunda-feira';\n\tvar TUESDAY = 'Ter\u00e7a-feira';\n\tvar WEDNESDAY = 'Quarta-feira';\n\tvar THURSDAY = 'Quinta-feira';\n\tvar FRIDAY = 'Sexta-feira';\n\tvar SATURDAY = 'S\u00e1bado';\n\n\tvar TODAY = 'Hoje';\n\tvar CLEAR = 'Limpar';\n\tvar CLOSE = 'Fechar';\n\n\tvar WEEKDAYS_FULL = [\n\t\tSUNDAY,\n\t\tMONDAY,\n\t\tTUESDAY,\n\t\tWEDNESDAY,\n\t\tTHURSDAY,\n\t\tFRIDAY,\n\t\tSATURDAY,\n\t];\n\n\tvar WEEKDAYS_SHORT = [];\n\n\tWEEKDAYS_FULL.forEach((weekday) => {\n\t\tWEEKDAYS_SHORT.push(weekday.substring(0,3));\n\t});\n\n\tvar ANYTIME_LABEL_TITLE = 'Selecione uma Data e Hora';\n\tvar ANYTIME_LABEL_YEAR = 'Ano';\n\tvar ANYTIME_LABEL_MONTH = 'M\u00eas';\n\tvar ANYTIME_LABEL_DAY_OF_MONTH = 'Dia do M\u00eas';\n\tvar ANYTIME_LABEL_HOUR = 'Hora';\n\tvar ANYTIME_LABEL_MINUTE = 'Minuto';\n\tvar ANYTIME_LABEL_CLEAR_BUTTON = 'Limpar';\n\tvar ANYTIME_LABEL_OK_BUTTON = 'OK';\n<\/script>\n<script>\n\tjQuery( document ).ready(function( $ ) {\n\t\t\t\t$(\".subscribe-embedded-form form\").validate({\n\t\t\trules: {\n\t\t\tEMAIL: {\n\t\t\t\trequired: true,\n\t\t\t\temail: true,\n\t\t\t\tremote: \"https:\/\/app.therux.com.br\/lists\/68829fdcb7799\/check-email\"\n\t\t\t}\n\t\t\t}\n\t\t});\n\t\t\t\tinitJs($('.subscribe-embedded-form'));\n\t});\n<\/script>\n\n\n<\/div>\n<\/div>\n\n\n\n<div class=\"wp-block-uagb-container uagb-block-9caa1a47 alignfull uagb-is-root-container\"><div class=\"uagb-container-inner-blocks-wrap\">\n<div class=\"wp-block-uagb-advanced-heading uagb-block-1ed0e64e\"><div class=\"uagb-heading-text\">Vamos nos conectar<\/div><\/div>\n\n\n\n<div class=\"wp-block-uagb-advanced-heading uagb-block-3a57683f\"><h2 class=\"uagb-heading-text\">Seu progresso. Nossa inova\u00e7\u00e3o.<\/h2><\/div>\n\n\n\n<div class=\"wp-block-uagb-buttons uagb-buttons__outer-wrap uagb-btn__default-btn uagb-btn-tablet__default-btn uagb-btn-mobile__default-btn uagb-block-9979be0d\"><div class=\"uagb-buttons__wrap uagb-buttons-layout-wrap\">\n<div class=\"wp-block-uagb-buttons-child uagb-buttons__outer-wrap uagb-block-84fd34e5 wp-block-button\"><div class=\"uagb-button__wrapper\"><a class=\"uagb-buttons-repeater wp-block-button__link\" aria-label=\"\" href=\"\/pt\/contact\/\" rel=\"follow noopener\" target=\"_self\" role=\"button\"><div class=\"uagb-button__link\">Comece agora<\/div><\/a><\/div><\/div>\n<\/div><\/div>\n\n\n\n<div class=\"wp-block-uagb-advanced-heading uagb-block-838a0a13\"><div class=\"uagb-separator\"><\/div><h3 class=\"uagb-heading-text\">Fale agora com nosso consultor de IA gratuitamente!<\/h3><\/div>\n<\/div><\/div>","protected":false},"excerpt":{"rendered":"<p>Be Part of the Revolution WhatsApp Groups Newsletters Enter your e-mail to subscribe to our weekly newsletter, curated with the [&hellip;]<\/p>","protected":false},"author":1,"featured_media":0,"parent":0,"menu_order":0,"comment_status":"closed","ping_status":"closed","template":"","meta":{"_uag_custom_page_level_css":"","site-sidebar-layout":"no-sidebar","site-content-layout":"plain-container","ast-site-content-layout":"full-width-container","site-content-style":"unboxed","site-sidebar-style":"unboxed","ast-global-header-display":"","ast-banner-title-visibility":"","ast-main-header-display":"","ast-hfb-above-header-display":"","ast-hfb-below-header-display":"","ast-hfb-mobile-header-display":"","site-post-title":"disabled","ast-breadcrumbs-content":"","ast-featured-img":"","footer-sml-layout":"","ast-disable-related-posts":"","theme-transparent-header-meta":"","adv-header-id-meta":"","stick-header-meta":"","header-above-stick-meta":"","header-main-stick-meta":"","header-below-stick-meta":"","astra-migrate-meta-layouts":"set","ast-page-background-enabled":"default","ast-page-background-meta":{"desktop":{"background-color":"var(--ast-global-color-4)","background-image":"","background-repeat":"repeat","background-position":"center center","background-size":"auto","background-attachment":"scroll","background-type":"","background-media":"","overlay-type":"","overlay-color":"","overlay-opacity":"","overlay-gradient":""},"tablet":{"background-color":"","background-image":"","background-repeat":"repeat","background-position":"center center","background-size":"auto","background-attachment":"scroll","background-type":"","background-media":"","overlay-type":"","overlay-color":"","overlay-opacity":"","overlay-gradient":""},"mobile":{"background-color":"","background-image":"","background-repeat":"repeat","background-position":"center center","background-size":"auto","background-attachment":"scroll","background-type":"","background-media":"","overlay-type":"","overlay-color":"","overlay-opacity":"","overlay-gradient":""}},"ast-content-background-meta":{"desktop":{"background-color":"var(--ast-global-color-5)","background-image":"","background-repeat":"repeat","background-position":"center center","background-size":"auto","background-attachment":"scroll","background-type":"","background-media":"","overlay-type":"","overlay-color":"","overlay-opacity":"","overlay-gradient":""},"tablet":{"background-color":"var(--ast-global-color-5)","background-image":"","background-repeat":"repeat","background-position":"center center","background-size":"auto","background-attachment":"scroll","background-type":"","background-media":"","overlay-type":"","overlay-color":"","overlay-opacity":"","overlay-gradient":""},"mobile":{"background-color":"var(--ast-global-color-5)","background-image":"","background-repeat":"repeat","background-position":"center center","background-size":"auto","background-attachment":"scroll","background-type":"","background-media":"","overlay-type":"","overlay-color":"","overlay-opacity":"","overlay-gradient":""}},"footnotes":""},"class_list":["post-18","page","type-page","status-publish","hentry"],"aioseo_notices":[],"_hostinger_reach_plugin_has_subscription_block":false,"_hostinger_reach_plugin_is_elementor":false,"uagb_featured_image_src":{"full":false,"thumbnail":false,"medium":false,"medium_large":false,"large":false,"1536x1536":false,"2048x2048":false,"trp-custom-language-flag":false},"uagb_author_info":{"display_name":"felipematos@gmail.com","author_link":"https:\/\/10k.digital\/pt\/author\/felipematosgmail-com\/"},"uagb_comment_info":0,"uagb_excerpt":"Be Part of the Revolution WhatsApp Groups Newsletters Enter your e-mail to subscribe to our weekly newsletter, curated with the [&hellip;]","_links":{"self":[{"href":"https:\/\/10k.digital\/pt\/wp-json\/wp\/v2\/pages\/18","targetHints":{"allow":["GET"]}}],"collection":[{"href":"https:\/\/10k.digital\/pt\/wp-json\/wp\/v2\/pages"}],"about":[{"href":"https:\/\/10k.digital\/pt\/wp-json\/wp\/v2\/types\/page"}],"author":[{"embeddable":true,"href":"https:\/\/10k.digital\/pt\/wp-json\/wp\/v2\/users\/1"}],"replies":[{"embeddable":true,"href":"https:\/\/10k.digital\/pt\/wp-json\/wp\/v2\/comments?post=18"}],"version-history":[{"count":14,"href":"https:\/\/10k.digital\/pt\/wp-json\/wp\/v2\/pages\/18\/revisions"}],"predecessor-version":[{"id":1906,"href":"https:\/\/10k.digital\/pt\/wp-json\/wp\/v2\/pages\/18\/revisions\/1906"}],"wp:attachment":[{"href":"https:\/\/10k.digital\/pt\/wp-json\/wp\/v2\/media?parent=18"}],"curies":[{"name":"wp","href":"https:\/\/api.w.org\/{rel}","templated":true}]}}