{"id":1875,"date":"2025-07-24T12:11:27","date_gmt":"2025-07-24T15:11:27","guid":{"rendered":"https:\/\/10k.digital\/en\/?page_id=1875"},"modified":"2025-07-24T12:11:28","modified_gmt":"2025-07-24T15:11:28","slug":"ai-welcomes-leaders","status":"publish","type":"page","link":"https:\/\/10k.digital\/es\/ai-welcomes-leaders\/","title":{"rendered":"AI da la bienvenida a los l\u00edderes"},"content":{"rendered":"<div class=\"wp-block-group has-base-background-color has-background is-layout-constrained wp-container-core-group-is-layout-ad319cd6 wp-block-group-is-layout-constrained\" style=\"padding-top:var(--wp--preset--spacing--80);padding-bottom:var(--wp--preset--spacing--80)\">\n<h1 class=\"wp-block-heading has-text-align-center\" style=\"margin-bottom:var(--wp--preset--spacing--50);font-size:clamp(2.5rem, 5vw, 3.5rem);font-weight:700;line-height:1.2\">Presentaci\u00f3n de AI Welcomes\u00ae Leaders<\/h1>\n\n\n\n<p class=\"has-text-align-center\" style=\"margin-bottom:var(--wp--preset--spacing--30);font-size:1.25rem;line-height:1.6\">\u2023 Un completo taller de 4 horas dise\u00f1ado espec\u00edficamente para ejecutivos de la C-suite y equipos de alta direcci\u00f3n.<\/p>\n\n\n\n<p class=\"has-text-align-center\" style=\"margin-bottom:var(--wp--preset--spacing--30);font-size:1.25rem;line-height:1.6\">\u2023 <strong>Enfoque centrado en el ejecutivo<\/strong> - a medida para la toma de decisiones de liderazgo y la planificaci\u00f3n estrat\u00e9gica.<\/p>\n\n\n\n<p class=\"has-text-align-center\" style=\"margin-bottom:var(--wp--preset--spacing--60);font-size:1.25rem;line-height:1.6\">\u2023 Capacita a los l\u00edderes con el conocimiento y la confianza para guiar a sus organizaciones a trav\u00e9s de la transformaci\u00f3n de la IA con una toma de decisiones informada y una visi\u00f3n estrat\u00e9gica.<\/p>\n\n\n\n<div class=\"wp-block-buttons is-content-justification-center is-layout-flex wp-container-core-buttons-is-layout-a89b3969 wp-block-buttons-is-layout-flex\">\n<div class=\"wp-block-button\"><a class=\"wp-block-button__link has-custom-font-size wp-element-button\" href=\"#journey\" style=\"border-radius:8px;padding-top:var(--wp--preset--spacing--30);padding-right:var(--wp--preset--spacing--50);padding-bottom:var(--wp--preset--spacing--30);padding-left:var(--wp--preset--spacing--50);font-size:1.1rem;font-style:normal;font-weight:600\">SABER M\u00c1S<\/a><\/div>\n<\/div>\n<\/div>\n\n\n\n<div class=\"wp-block-group has-accent-background-color has-background is-layout-constrained wp-container-core-group-is-layout-ad319cd6 wp-block-group-is-layout-constrained\" style=\"padding-top:var(--wp--preset--spacing--80);padding-bottom:var(--wp--preset--spacing--80)\">\n<h2 class=\"wp-block-heading has-text-align-center\" id=\"journey\" style=\"margin-bottom:var(--wp--preset--spacing--60);font-size:clamp(2rem, 4vw, 2.5rem);font-weight:700\">Conoce tu viaje AI Welcomes\u00ae Leaders<\/h2>\n\n\n\n<div class=\"wp-block-columns is-layout-flex wp-container-core-columns-is-layout-08c01c1c wp-block-columns-is-layout-flex\">\n<div class=\"wp-block-column has-background is-layout-flow wp-block-column-is-layout-flow\" style=\"border-radius:12px;background-color:#ffffff;padding-top:var(--wp--preset--spacing--40);padding-right:var(--wp--preset--spacing--40);padding-bottom:var(--wp--preset--spacing--40);padding-left:var(--wp--preset--spacing--40)\">\n<h4 class=\"wp-block-heading has-text-color\" style=\"color:#667eea;margin-bottom:var(--wp--preset--spacing--20);font-size:1.3rem;font-weight:600\">Fase 1. Panorama empresarial de la IA<\/h4>\n\n\n\n<p class=\"has-text-color\" style=\"color:#9ca3af;margin-bottom:var(--wp--preset--spacing--20);font-size:0.9rem;font-weight:500\">60 minutos<\/p>\n\n\n\n<p style=\"line-height:1.6\">Comprender el mercado actual de la IA, las ventajas competitivas y las implicaciones estrat\u00e9gicas para su sector.<\/p>\n<\/div>\n\n\n\n<div class=\"wp-block-column has-background is-layout-flow wp-block-column-is-layout-flow\" style=\"border-radius:12px;background-color:#ffffff;padding-top:var(--wp--preset--spacing--40);padding-right:var(--wp--preset--spacing--40);padding-bottom:var(--wp--preset--spacing--40);padding-left:var(--wp--preset--spacing--40)\">\n<h4 class=\"wp-block-heading has-text-color\" style=\"color:#667eea;margin-bottom:var(--wp--preset--spacing--20);font-size:1.3rem;font-weight:600\">Fase 2. Evaluaci\u00f3n de las oportunidades de la IA<\/h4>\n\n\n\n<p class=\"has-text-color\" style=\"color:#9ca3af;margin-bottom:var(--wp--preset--spacing--20);font-size:0.9rem;font-weight:500\">60 minutos<\/p>\n\n\n\n<p style=\"line-height:1.6\">Identificar aplicaciones de IA de alto impacto espec\u00edficas para su modelo de negocio y retos operativos.<\/p>\n<\/div>\n<\/div>\n\n\n\n<div class=\"wp-block-columns is-layout-flex wp-container-core-columns-is-layout-08c01c1c wp-block-columns-is-layout-flex\">\n<div class=\"wp-block-column has-background is-layout-flow wp-block-column-is-layout-flow\" style=\"border-radius:12px;background-color:#ffffff;padding-top:var(--wp--preset--spacing--40);padding-right:var(--wp--preset--spacing--40);padding-bottom:var(--wp--preset--spacing--40);padding-left:var(--wp--preset--spacing--40)\">\n<h4 class=\"wp-block-heading has-text-color\" style=\"color:#667eea;margin-bottom:var(--wp--preset--spacing--20);font-size:1.3rem;font-weight:600\">Fase 3. Gesti\u00f3n de riesgos y gobernanza<\/h4>\n\n\n\n<p class=\"has-text-color\" style=\"color:#9ca3af;margin-bottom:var(--wp--preset--spacing--20);font-size:0.9rem;font-weight:500\">60 minutos<\/p>\n\n\n\n<p style=\"line-height:1.6\">Explorar la \u00e9tica de la IA, los requisitos de cumplimiento, las estrategias de mitigaci\u00f3n de riesgos y los marcos de gobernanza.<\/p>\n<\/div>\n\n\n\n<div class=\"wp-block-column has-background is-layout-flow wp-block-column-is-layout-flow\" style=\"border-radius:12px;background-color:#ffffff;padding-top:var(--wp--preset--spacing--40);padding-right:var(--wp--preset--spacing--40);padding-bottom:var(--wp--preset--spacing--40);padding-left:var(--wp--preset--spacing--40)\">\n<h4 class=\"wp-block-heading has-text-color\" style=\"color:#667eea;margin-bottom:var(--wp--preset--spacing--20);font-size:1.3rem;font-weight:600\">Fase 4. Hoja de ruta para la aplicaci\u00f3n<\/h4>\n\n\n\n<p class=\"has-text-color\" style=\"color:#9ca3af;margin-bottom:var(--wp--preset--spacing--20);font-size:0.9rem;font-weight:500\">60 minutos<\/p>\n\n\n\n<p style=\"line-height:1.6\">Desarrollar un plan de acci\u00f3n estrat\u00e9gico para la adopci\u00f3n de la IA, que incluya consideraciones presupuestarias y planificaci\u00f3n temporal.<\/p>\n<\/div>\n<\/div>\n<\/div>\n\n\n\n<div class=\"wp-block-group has-base-background-color has-background is-layout-constrained wp-container-core-group-is-layout-ad319cd6 wp-block-group-is-layout-constrained\" style=\"padding-top:var(--wp--preset--spacing--80);padding-bottom:var(--wp--preset--spacing--80)\">\n<h2 class=\"wp-block-heading has-text-align-center\" style=\"margin-bottom:var(--wp--preset--spacing--30);font-size:clamp(2rem, 4vw, 2.5rem);font-weight:700\">Lo que aprender\u00e1 su equipo directivo<\/h2>\n\n\n\n<p class=\"has-text-align-center\" style=\"margin-bottom:var(--wp--preset--spacing--60);font-size:1.1rem;line-height:1.6\">Conocimientos esenciales para tomar decisiones estrat\u00e9gicas fundamentadas sobre la implantaci\u00f3n de la IA en su organizaci\u00f3n.<\/p>\n\n\n\n<div class=\"wp-block-columns is-layout-flex wp-container-core-columns-is-layout-643ced6b wp-block-columns-is-layout-flex\">\n<div class=\"wp-block-column is-layout-flow wp-block-column-is-layout-flow\">\n<div class=\"wp-block-group is-layout-flow wp-block-group-is-layout-flow\" style=\"padding-bottom:var(--wp--preset--spacing--40)\">\n<p class=\"has-text-color\" style=\"color:#667eea;margin-bottom:var(--wp--preset--spacing--20);font-size:3rem;font-weight:700;line-height:1\">01<\/p>\n\n\n\n<h3 class=\"wp-block-heading\" style=\"margin-bottom:var(--wp--preset--spacing--20);font-size:1.4rem;font-weight:600\">Fundamentos estrat\u00e9gicos de la IA<\/h3>\n\n\n\n<p style=\"line-height:1.6\">Comprenda c\u00f3mo la IA puede transformar los modelos de negocio, crear ventajas competitivas e impulsar la innovaci\u00f3n en todos los sectores.<\/p>\n<\/div>\n\n\n\n<div class=\"wp-block-group is-layout-flow wp-block-group-is-layout-flow\" style=\"padding-bottom:var(--wp--preset--spacing--40)\">\n<p class=\"has-text-color\" style=\"color:#667eea;margin-bottom:var(--wp--preset--spacing--20);font-size:3rem;font-weight:700;line-height:1\">02<\/p>\n\n\n\n<h3 class=\"wp-block-heading\" style=\"margin-bottom:var(--wp--preset--spacing--20);font-size:1.4rem;font-weight:600\">Toma de decisiones ejecutivas<\/h3>\n\n\n\n<p style=\"line-height:1.6\">Domine las consideraciones clave para las decisiones de inversi\u00f3n en IA, la evaluaci\u00f3n del ROI y la priorizaci\u00f3n estrat\u00e9gica.<\/p>\n<\/div>\n\n\n\n<div class=\"wp-block-group is-layout-flow wp-block-group-is-layout-flow\" style=\"padding-bottom:var(--wp--preset--spacing--40)\">\n<p class=\"has-text-color\" style=\"color:#667eea;margin-bottom:var(--wp--preset--spacing--20);font-size:3rem;font-weight:700;line-height:1\">03<\/p>\n\n\n\n<h3 class=\"wp-block-heading\" style=\"margin-bottom:var(--wp--preset--spacing--20);font-size:1.4rem;font-weight:600\">Riesgo y gobernanza<\/h3>\n\n\n\n<p style=\"line-height:1.6\">Aprenda a identificar y mitigar los riesgos relacionados con la IA al tiempo que establece estructuras de gobernanza y directrices \u00e9ticas adecuadas.<\/p>\n<\/div>\n<\/div>\n\n\n\n<div class=\"wp-block-column is-layout-flow wp-block-column-is-layout-flow\">\n<div class=\"wp-block-group is-layout-flow wp-block-group-is-layout-flow\" style=\"padding-bottom:var(--wp--preset--spacing--40)\">\n<p class=\"has-text-color\" style=\"color:#667eea;margin-bottom:var(--wp--preset--spacing--20);font-size:3rem;font-weight:700;line-height:1\">04<\/p>\n\n\n\n<h3 class=\"wp-block-heading\" style=\"margin-bottom:var(--wp--preset--spacing--20);font-size:1.4rem;font-weight:600\">Estrategia de aplicaci\u00f3n<\/h3>\n\n\n\n<p style=\"line-height:1.6\">Desarrollar hojas de ruta pr\u00e1cticas para la adopci\u00f3n de la IA, incluida la asignaci\u00f3n de recursos, la creaci\u00f3n de equipos y la gesti\u00f3n del cambio.<\/p>\n<\/div>\n\n\n\n<div class=\"wp-block-group is-layout-flow wp-block-group-is-layout-flow\" style=\"padding-bottom:var(--wp--preset--spacing--40)\">\n<p class=\"has-text-color\" style=\"color:#667eea;margin-bottom:var(--wp--preset--spacing--20);font-size:3rem;font-weight:700;line-height:1\">05<\/p>\n\n\n\n<h3 class=\"wp-block-heading\" style=\"margin-bottom:var(--wp--preset--spacing--20);font-size:1.4rem;font-weight:600\">Evaluaci\u00f3n comparativa del sector<\/h3>\n\n\n\n<p style=\"line-height:1.6\">Explore estudios de casos reales y mejores pr\u00e1cticas de organizaciones l\u00edderes en la transformaci\u00f3n de la IA.<\/p>\n<\/div>\n\n\n\n<div class=\"wp-block-group is-layout-flow wp-block-group-is-layout-flow\">\n<p class=\"has-text-color\" style=\"color:#667eea;margin-bottom:var(--wp--preset--spacing--20);font-size:3rem;font-weight:700;line-height:1\">06<\/p>\n\n\n\n<h3 class=\"wp-block-heading\" style=\"margin-bottom:var(--wp--preset--spacing--20);font-size:1.4rem;font-weight:600\">Liderazgo para el futuro<\/h3>\n\n\n\n<p style=\"line-height:1.6\">Prepare a su equipo directivo para el cambiante panorama de la IA y las tecnolog\u00edas emergentes.<\/p>\n<\/div>\n<\/div>\n<\/div>\n<\/div>\n\n\n\n<div class=\"wp-block-group has-base-background-color has-background is-layout-constrained wp-container-core-group-is-layout-ae50a16b wp-block-group-is-layout-constrained\" style=\"padding-top:var(--wp--preset--spacing--80);padding-bottom:var(--wp--preset--spacing--80)\">\n<h2 class=\"wp-block-heading has-text-align-center\" style=\"margin-bottom:var(--wp--preset--spacing--60);font-size:clamp(2rem, 4vw, 2.5rem);font-weight:700\">Requisitos previos<\/h2>\n\n\n\n<ul style=\"padding-left:0;font-size:1.1rem;line-height:1.8\" class=\"wp-block-list styled-list has-text-color\">\n<li>- Equipos directivos de hasta <strong>8 participantes<\/strong><\/li>\n\n\n\n<li>- C-suite, VP, o nivel de alta direcci\u00f3n<\/li>\n\n\n\n<li>- Conocimientos b\u00e1sicos de estrategia empresarial y transformaci\u00f3n digital<\/li>\n\n\n\n<li>- No se requieren conocimientos t\u00e9cnicos<\/li>\n\n\n\n<li>- Dominio del ingl\u00e9s o el portugu\u00e9s para las sesiones en directo<\/li>\n\n\n\n<li>- Espacio de reuniones a nivel ejecutivo para sesiones en persona<\/li>\n\n\n\n<li>- Compromiso con acciones estrat\u00e9gicas de seguimiento<\/li>\n<\/ul>\n<\/div>\n\n\n\n<div class=\"wp-block-group has-accent-background-color has-background is-layout-constrained wp-container-core-group-is-layout-ae50a16b wp-block-group-is-layout-constrained\" style=\"padding-top:var(--wp--preset--spacing--80);padding-bottom:var(--wp--preset--spacing--80)\">\n<h2 class=\"wp-block-heading has-text-align-center\" style=\"margin-bottom:var(--wp--preset--spacing--30);font-size:clamp(2rem, 4vw, 2.5rem);font-weight:700\">Hable con un experto<\/h2>\n\n\n\n<p class=\"has-text-align-center\" style=\"margin-bottom:var(--wp--preset--spacing--60);font-size:1.1rem;line-height:1.6\">Introduzca sus datos para programar una consulta con nuestro equipo ejecutivo.<\/p>\n\n\n\n<p class=\"has-text-align-center\" style=\"font-size:1rem\">[Aqu\u00ed se a\u00f1adir\u00e1 la integraci\u00f3n del formulario de contacto].<\/p>\n<\/div>\n\n\n\n<div class=\"wp-block-group has-base-background-color has-background is-layout-constrained wp-container-core-group-is-layout-19f06807 wp-block-group-is-layout-constrained\" style=\"padding-top:var(--wp--preset--spacing--80);padding-bottom:var(--wp--preset--spacing--80)\">\n<h2 class=\"wp-block-heading has-text-align-center\" style=\"margin-bottom:var(--wp--preset--spacing--60);font-size:clamp(2rem, 4vw, 2.5rem);font-weight:700\">Preguntas frecuentes<\/h2>\n\n\n\n<p class=\"has-text-align-center\" style=\"margin-bottom:var(--wp--preset--spacing--60);font-size:1.1rem;line-height:1.6\">Encuentre respuestas a las preguntas m\u00e1s frecuentes sobre AI Welcomes\u00ae Leaders.<\/p>\n\n\n\n<details class=\"wp-block-details is-layout-flow wp-block-details-is-layout-flow\" style=\"border-bottom-color:#e5e7eb;border-bottom-width:1px;margin-bottom:var(--wp--preset--spacing--30);padding-top:var(--wp--preset--spacing--30);padding-bottom:var(--wp--preset--spacing--30)\"><summary style=\"font-size:1.3rem;font-weight:600\">\u00bfQu\u00e9 es AI Welcomes\u00ae Leaders?<\/summary>\n\n<p style=\"margin-top:var(--wp--preset--spacing--20);line-height:1.6\">AI Welcomes\u00ae Leaders es un taller ejecutivo de 4 horas dise\u00f1ado espec\u00edficamente para que los equipos directivos y de alta direcci\u00f3n comprendan las implicaciones estrat\u00e9gicas de la IA y desarrollen hojas de ruta para su implantaci\u00f3n.<\/p>\n\n<\/details>\n\n\n\n<details class=\"wp-block-details is-layout-flow wp-block-details-is-layout-flow\" style=\"border-bottom-color:#e5e7eb;border-bottom-width:1px;margin-bottom:var(--wp--preset--spacing--30);padding-top:var(--wp--preset--spacing--30);padding-bottom:var(--wp--preset--spacing--30)\"><summary style=\"font-size:1.3rem;font-weight:600\">\u00bfQui\u00e9n debe asistir a AI Welcomes\u00ae Leaders?<\/summary>\n\n<p style=\"margin-top:var(--wp--preset--spacing--20);line-height:1.6\">Este taller est\u00e1 dise\u00f1ado para ejecutivos de la C-suite, vicepresidentes, directores senior y otros miembros de equipos de alta direcci\u00f3n responsables de la toma de decisiones estrat\u00e9gicas.<\/p>\n\n<\/details>\n\n\n\n<details class=\"wp-block-details is-layout-flow wp-block-details-is-layout-flow\" style=\"border-bottom-color:#e5e7eb;border-bottom-width:1px;margin-bottom:var(--wp--preset--spacing--30);padding-top:var(--wp--preset--spacing--30);padding-bottom:var(--wp--preset--spacing--30)\"><summary style=\"font-size:1.3rem;font-weight:600\">\u00bfEn qu\u00e9 se diferencia de la formaci\u00f3n t\u00e9cnica en IA?<\/summary>\n\n<p style=\"margin-top:var(--wp--preset--spacing--20);line-height:1.6\">AI Welcomes\u00ae Leaders se centra en los aspectos estrat\u00e9gicos, empresariales y de liderazgo de la IA m\u00e1s que en la implementaci\u00f3n t\u00e9cnica, por lo que resulta ideal para los responsables de la toma de decisiones a nivel ejecutivo.<\/p>\n\n<\/details>\n\n\n\n<details class=\"wp-block-details is-layout-flow wp-block-details-is-layout-flow\" style=\"border-bottom-color:#e5e7eb;border-bottom-width:1px;margin-bottom:var(--wp--preset--spacing--30);padding-top:var(--wp--preset--spacing--30);padding-bottom:var(--wp--preset--spacing--30)\"><summary style=\"font-size:1.3rem;font-weight:600\">\u00bfQu\u00e9 productos reciben los participantes?<\/summary>\n\n<p style=\"margin-top:var(--wp--preset--spacing--20);line-height:1.6\">Los participantes reciben el 10K AI Canvas\u00ae, plantillas de evaluaci\u00f3n estrat\u00e9gica, marcos de hoja de ruta para la implantaci\u00f3n y planes de acci\u00f3n personalizados.<\/p>\n\n<\/details>\n\n\n\n<details class=\"wp-block-details is-layout-flow wp-block-details-is-layout-flow\" style=\"border-bottom-color:#e5e7eb;border-bottom-width:1px;margin-bottom:var(--wp--preset--spacing--30);padding-top:var(--wp--preset--spacing--30);padding-bottom:var(--wp--preset--spacing--30)\"><summary style=\"font-size:1.3rem;font-weight:600\">\u00bfC\u00f3mo se integra con otras soluciones del Marco 10K?<\/summary>\n\n<p style=\"margin-top:var(--wp--preset--spacing--20);line-height:1.6\">AI Welcomes\u00ae Leaders sirve como base estrat\u00e9gica, seguida normalmente de AI Discover\u00ae para la evaluaci\u00f3n de oportunidades y otros componentes del marco para la implementaci\u00f3n.<\/p>\n\n<\/details>\n\n\n\n<details class=\"wp-block-details is-layout-flow wp-block-details-is-layout-flow\" style=\"border-bottom-color:#e5e7eb;border-bottom-width:1px;margin-bottom:var(--wp--preset--spacing--30);padding-top:var(--wp--preset--spacing--30);padding-bottom:var(--wp--preset--spacing--30)\"><summary style=\"font-size:1.3rem;font-weight:600\">\u00bfPuede adaptarse a sectores espec\u00edficos?<\/summary>\n\n<p style=\"margin-top:var(--wp--preset--spacing--20);line-height:1.6\">S\u00ed, podemos personalizar contenidos, casos pr\u00e1cticos y marcos estrat\u00e9gicos para sectores y modelos de negocio espec\u00edficos.<\/p>\n\n<\/details>\n\n\n\n<details class=\"wp-block-details is-layout-flow wp-block-details-is-layout-flow\" style=\"padding-top:var(--wp--preset--spacing--30);padding-bottom:var(--wp--preset--spacing--30)\"><summary style=\"font-size:1.3rem;font-weight:600\">\u00bfC\u00f3mo puedo programar L\u00edderes AI Welcomes\u00ae para mi organizaci\u00f3n?<\/summary>\n\n<p style=\"margin-top:var(--wp--preset--spacing--20);line-height:1.6\">P\u00f3ngase en contacto con nuestro equipo a trav\u00e9s del formulario anterior para hablar de sus necesidades y recibir una propuesta personalizada.<\/p>\n\n<\/details>\n<\/div>","protected":false},"excerpt":{"rendered":"<p>Introducing AI Welcomes\u00ae Leaders \u2023 A comprehensive 4-hour workshop designed specifically for C-suite executives and senior management teams. \u2023 Executive-focused [&hellip;]<\/p>","protected":false},"author":1,"featured_media":0,"parent":0,"menu_order":0,"comment_status":"closed","ping_status":"closed","template":"","meta":{"_uag_custom_page_level_css":"","site-sidebar-layout":"default","site-content-layout":"","ast-site-content-layout":"default","site-content-style":"default","site-sidebar-style":"default","ast-global-header-display":"","ast-banner-title-visibility":"","ast-main-header-display":"","ast-hfb-above-header-display":"","ast-hfb-below-header-display":"","ast-hfb-mobile-header-display":"","site-post-title":"","ast-breadcrumbs-content":"","ast-featured-img":"","footer-sml-layout":"","ast-disable-related-posts":"","theme-transparent-header-meta":"","adv-header-id-meta":"","stick-header-meta":"","header-above-stick-meta":"","header-main-stick-meta":"","header-below-stick-meta":"","astra-migrate-meta-layouts":"set","ast-page-background-enabled":"default","ast-page-background-meta":{"desktop":{"background-color":"var(--ast-global-color-4)","background-image":"","background-repeat":"repeat","background-position":"center center","background-size":"auto","background-attachment":"scroll","background-type":"","background-media":"","overlay-type":"","overlay-color":"","overlay-opacity":"","overlay-gradient":""},"tablet":{"background-color":"","background-image":"","background-repeat":"repeat","background-position":"center center","background-size":"auto","background-attachment":"scroll","background-type":"","background-media":"","overlay-type":"","overlay-color":"","overlay-opacity":"","overlay-gradient":""},"mobile":{"background-color":"","background-image":"","background-repeat":"repeat","background-position":"center center","background-size":"auto","background-attachment":"scroll","background-type":"","background-media":"","overlay-type":"","overlay-color":"","overlay-opacity":"","overlay-gradient":""}},"ast-content-background-meta":{"desktop":{"background-color":"var(--ast-global-color-5)","background-image":"","background-repeat":"repeat","background-position":"center center","background-size":"auto","background-attachment":"scroll","background-type":"","background-media":"","overlay-type":"","overlay-color":"","overlay-opacity":"","overlay-gradient":""},"tablet":{"background-color":"var(--ast-global-color-5)","background-image":"","background-repeat":"repeat","background-position":"center center","background-size":"auto","background-attachment":"scroll","background-type":"","background-media":"","overlay-type":"","overlay-color":"","overlay-opacity":"","overlay-gradient":""},"mobile":{"background-color":"var(--ast-global-color-5)","background-image":"","background-repeat":"repeat","background-position":"center center","background-size":"auto","background-attachment":"scroll","background-type":"","background-media":"","overlay-type":"","overlay-color":"","overlay-opacity":"","overlay-gradient":""}},"footnotes":""},"class_list":["post-1875","page","type-page","status-publish","hentry"],"aioseo_notices":[],"_hostinger_reach_plugin_has_subscription_block":false,"_hostinger_reach_plugin_is_elementor":false,"uagb_featured_image_src":{"full":false,"thumbnail":false,"medium":false,"medium_large":false,"large":false,"1536x1536":false,"2048x2048":false,"trp-custom-language-flag":false},"uagb_author_info":{"display_name":"felipematos@gmail.com","author_link":"https:\/\/10k.digital\/es\/author\/felipematosgmail-com\/"},"uagb_comment_info":0,"uagb_excerpt":"Introducing AI Welcomes\u00ae Leaders \u2023 A comprehensive 4-hour workshop designed specifically for C-suite executives and senior management teams. \u2023 Executive-focused [&hellip;]","_links":{"self":[{"href":"https:\/\/10k.digital\/es\/wp-json\/wp\/v2\/pages\/1875","targetHints":{"allow":["GET"]}}],"collection":[{"href":"https:\/\/10k.digital\/es\/wp-json\/wp\/v2\/pages"}],"about":[{"href":"https:\/\/10k.digital\/es\/wp-json\/wp\/v2\/types\/page"}],"author":[{"embeddable":true,"href":"https:\/\/10k.digital\/es\/wp-json\/wp\/v2\/users\/1"}],"replies":[{"embeddable":true,"href":"https:\/\/10k.digital\/es\/wp-json\/wp\/v2\/comments?post=1875"}],"version-history":[{"count":2,"href":"https:\/\/10k.digital\/es\/wp-json\/wp\/v2\/pages\/1875\/revisions"}],"predecessor-version":[{"id":1881,"href":"https:\/\/10k.digital\/es\/wp-json\/wp\/v2\/pages\/1875\/revisions\/1881"}],"wp:attachment":[{"href":"https:\/\/10k.digital\/es\/wp-json\/wp\/v2\/media?parent=1875"}],"curies":[{"name":"wp","href":"https:\/\/api.w.org\/{rel}","templated":true}]}}